{"id":67,"date":"2020-08-25T19:24:43","date_gmt":"2020-08-25T17:24:43","guid":{"rendered":"http:\/\/www.carrosseriecd.be\/wp\/?page_id=67"},"modified":"2024-10-16T17:22:48","modified_gmt":"2024-10-16T15:22:48","slug":"devis-detailles","status":"publish","type":"page","link":"https:\/\/www.carrosseriecd.be\/wp\/?page_id=67","title":{"rendered":"Devis d\u00e9taill\u00e9s"},"content":{"rendered":"\t\t<div data-elementor-type=\"wp-page\" data-elementor-id=\"67\" class=\"elementor elementor-67\">\n\t\t\t\t\t\t<div class=\"elementor-inner\">\n\t\t\t\t<div class=\"elementor-section-wrap\">\n\t\t\t\t\t\t\t\t\t<section class=\"elementor-section elementor-top-section elementor-element elementor-element-cc129e1 elementor-section-boxed elementor-section-height-default elementor-section-height-default\" data-id=\"cc129e1\" data-element_type=\"section\">\n\t\t\t\t\t\t<div class=\"elementor-container elementor-column-gap-default\">\n\t\t\t\t\t\t\t<div class=\"elementor-row\">\n\t\t\t\t\t<div class=\"elementor-column elementor-col-66 elementor-top-column elementor-element elementor-element-41a80e0\" data-id=\"41a80e0\" data-element_type=\"column\">\n\t\t\t<div class=\"elementor-column-wrap elementor-element-populated\">\n\t\t\t\t\t\t\t<div class=\"elementor-widget-wrap\">\n\t\t\t\t\t\t<div class=\"elementor-element elementor-element-bc620c6 elementor-widget elementor-widget-image\" data-id=\"bc620c6\" data-element_type=\"widget\" data-widget_type=\"image.default\">\n\t\t\t\t<div class=\"elementor-widget-container\">\n\t\t\t\t\t\t\t\t<div class=\"elementor-image\">\n\t\t\t\t\t\t\t\t\t\t\t\t<img loading=\"lazy\" decoding=\"async\" width=\"450\" height=\"134\" src=\"https:\/\/www.carrosseriecd.be\/wp\/wp-content\/uploads\/2020\/08\/object1179575484.png\" class=\"attachment-2048x2048 size-2048x2048 wp-image-82\" alt=\"\" srcset=\"https:\/\/www.carrosseriecd.be\/wp\/wp-content\/uploads\/2020\/08\/object1179575484.png 450w, https:\/\/www.carrosseriecd.be\/wp\/wp-content\/uploads\/2020\/08\/object1179575484-300x89.png 300w\" sizes=\"auto, (max-width: 34.9rem) calc(100vw - 2rem), (max-width: 53rem) calc(8 * (100vw \/ 12)), (min-width: 53rem) calc(6 * (100vw \/ 12)), 100vw\" \/>\t\t\t\t\t\t\t\t\t\t\t\t\t\t<\/div>\n\t\t\t\t\t\t<\/div>\n\t\t\t\t<\/div>\n\t\t\t\t\t\t<\/div>\n\t\t\t\t\t<\/div>\n\t\t<\/div>\n\t\t\t\t<div class=\"elementor-column elementor-col-33 elementor-top-column elementor-element elementor-element-e340c83\" data-id=\"e340c83\" data-element_type=\"column\" data-settings=\"{&quot;background_background&quot;:&quot;classic&quot;}\">\n\t\t\t<div class=\"elementor-column-wrap elementor-element-populated\">\n\t\t\t\t\t\t\t<div class=\"elementor-widget-wrap\">\n\t\t\t\t\t\t<div class=\"elementor-element elementor-element-d68de11 elementor-widget elementor-widget-text-editor\" data-id=\"d68de11\" data-element_type=\"widget\" data-widget_type=\"text-editor.default\">\n\t\t\t\t<div class=\"elementor-widget-container\">\n\t\t\t\t\t\t\t\t<div class=\"elementor-text-editor elementor-clearfix\">\n\t\t\t\t<p><strong>Carrosserie CD<\/strong><br \/>293, avenue Georges Henri<br \/>B-1200 Woluw\u00e9-Saint-Lambert<br \/>T\u00e9l.: 02 \/ 734 60 54<br \/>Fax : 02 \/ 733 70 45<br \/><a href=\"mailto:info@carrosseriecd.be\">info@carrosseriecd.be<\/a><br \/>TVA : BE 0898.123.790<\/p>\t\t\t\t\t<\/div>\n\t\t\t\t\t\t<\/div>\n\t\t\t\t<\/div>\n\t\t\t\t\t\t<\/div>\n\t\t\t\t\t<\/div>\n\t\t<\/div>\n\t\t\t\t\t\t\t\t<\/div>\n\t\t\t\t\t<\/div>\n\t\t<\/section>\n\t\t\t\t<section class=\"elementor-section elementor-top-section elementor-element elementor-element-3619d11 elementor-section-boxed elementor-section-height-default elementor-section-height-default\" data-id=\"3619d11\" data-element_type=\"section\">\n\t\t\t\t\t\t<div class=\"elementor-container elementor-column-gap-default\">\n\t\t\t\t\t\t\t<div class=\"elementor-row\">\n\t\t\t\t\t<div class=\"elementor-column elementor-col-66 elementor-top-column elementor-element elementor-element-a149bfe\" data-id=\"a149bfe\" data-element_type=\"column\">\n\t\t\t<div class=\"elementor-column-wrap elementor-element-populated\">\n\t\t\t\t\t\t\t<div class=\"elementor-widget-wrap\">\n\t\t\t\t\t\t<div class=\"elementor-element elementor-element-75b57fc elementor-widget elementor-widget-heading\" data-id=\"75b57fc\" data-element_type=\"widget\" data-widget_type=\"heading.default\">\n\t\t\t\t<div class=\"elementor-widget-container\">\n\t\t\t<h3 class=\"elementor-heading-title elementor-size-default\">Devis d\u00e9taill\u00e9s<\/h3>\t\t<\/div>\n\t\t\t\t<\/div>\n\t\t\t\t<section class=\"elementor-section elementor-inner-section elementor-element elementor-element-a768d00 elementor-section-boxed elementor-section-height-default elementor-section-height-default\" data-id=\"a768d00\" data-element_type=\"section\">\n\t\t\t\t\t\t<div class=\"elementor-container elementor-column-gap-default\">\n\t\t\t\t\t\t\t<div class=\"elementor-row\">\n\t\t\t\t\t<div class=\"elementor-column elementor-col-50 elementor-inner-column elementor-element elementor-element-179d5bb\" data-id=\"179d5bb\" data-element_type=\"column\">\n\t\t\t<div class=\"elementor-column-wrap elementor-element-populated\">\n\t\t\t\t\t\t\t<div class=\"elementor-widget-wrap\">\n\t\t\t\t\t\t<div class=\"elementor-element elementor-element-8bf2c71 elementor-widget elementor-widget-shortcode\" data-id=\"8bf2c71\" data-element_type=\"widget\" data-widget_type=\"shortcode.default\">\n\t\t\t\t<div class=\"elementor-widget-container\">\n\t\t\t\t\t<div class=\"elementor-shortcode\"><div id=\"metaslider-id-309\" style=\"width: 100%;\" class=\"ml-slider-3-109-0 metaslider metaslider-flex metaslider-309 ml-slider ml-slider-lightbox-2-10-0 lightbox-disabled ms-theme-default nav-hidden\" role=\"region\" aria-label=\"devis\" data-height=\"400\" data-width=\"400\">\n    <div id=\"metaslider_container_309\">\n        <div id=\"metaslider_309\">\n            <ul class='slides'>\n                <li style=\"display: block; width: 100%;\" class=\"slide-313 ms-image \" aria-roledescription=\"slide\" data-date=\"2020-08-27 13:46:58\" data-filename=\"cd-devis-1-351x351.jpg\" data-slide-type=\"image\"><img loading=\"lazy\" decoding=\"async\" src=\"https:\/\/www.carrosseriecd.be\/wp\/wp-content\/uploads\/2020\/08\/cd-devis-1-351x351.jpg\" height=\"400\" width=\"400\" alt=\"\" class=\"slider-309 slide-313 msDefaultImage\" \/><\/li>\n                <li style=\"display: none; width: 100%;\" class=\"slide-311 ms-image \" aria-roledescription=\"slide\" data-date=\"2020-08-27 13:45:41\" data-filename=\"devis-manuel-400x400.jpg\" data-slide-type=\"image\"><img loading=\"lazy\" decoding=\"async\" src=\"https:\/\/www.carrosseriecd.be\/wp\/wp-content\/uploads\/2020\/08\/devis-manuel-400x400.jpg\" height=\"400\" width=\"400\" alt=\"\" class=\"slider-309 slide-311 msDefaultImage\" \/><\/li>\n            <\/ul>\n        <\/div>\n        \n    <\/div>\n<\/div><\/div>\n\t\t\t\t<\/div>\n\t\t\t\t<\/div>\n\t\t\t\t\t\t<\/div>\n\t\t\t\t\t<\/div>\n\t\t<\/div>\n\t\t\t\t<div class=\"elementor-column elementor-col-50 elementor-inner-column elementor-element elementor-element-159cf14\" data-id=\"159cf14\" data-element_type=\"column\">\n\t\t\t<div class=\"elementor-column-wrap elementor-element-populated\">\n\t\t\t\t\t\t\t<div class=\"elementor-widget-wrap\">\n\t\t\t\t\t\t<div class=\"elementor-element elementor-element-6530ff1 elementor-widget elementor-widget-text-editor\" data-id=\"6530ff1\" data-element_type=\"widget\" data-widget_type=\"text-editor.default\">\n\t\t\t\t<div class=\"elementor-widget-container\">\n\t\t\t\t\t\t\t\t<div class=\"elementor-text-editor elementor-clearfix\">\n\t\t\t\t<p>Les devis sont le premier contact avec nos clients, ils doivent donc \u00eatre clairs et pr\u00e9cis. Les logiciels du secteur automobile nous permettent de d\u00e9finir exactement les pi\u00e8ces \u00e0 remplacer. Nous suivons scrupuleusement les mises \u00e0 jour des \u00e9diteurs. Tout devis est \u00e9tabli clairement et d\u00e9taill\u00e9 au plus juste possible, donc sans surprise.\u00a0<\/p><p>Si n\u00e9cessaire celui-ci est pr\u00e9alablement valid\u00e9 par un expert ou par l&#8217;assureur, ils contr\u00f4lent \u00e9galement la tarification.<\/p>\t\t\t\t\t<\/div>\n\t\t\t\t\t\t<\/div>\n\t\t\t\t<\/div>\n\t\t\t\t\t\t<\/div>\n\t\t\t\t\t<\/div>\n\t\t<\/div>\n\t\t\t\t\t\t\t\t<\/div>\n\t\t\t\t\t<\/div>\n\t\t<\/section>\n\t\t\t\t\t\t<\/div>\n\t\t\t\t\t<\/div>\n\t\t<\/div>\n\t\t\t\t<div class=\"elementor-column elementor-col-33 elementor-top-column elementor-element elementor-element-dcaca61\" data-id=\"dcaca61\" data-element_type=\"column\" data-settings=\"{&quot;background_background&quot;:&quot;classic&quot;}\">\n\t\t\t<div class=\"elementor-column-wrap elementor-element-populated\">\n\t\t\t\t\t\t\t<div class=\"elementor-widget-wrap\">\n\t\t\t\t\t\t<div class=\"elementor-element elementor-element-de17d4e elementor-widget elementor-widget-wp-widget-nav_menu\" data-id=\"de17d4e\" data-element_type=\"widget\" data-widget_type=\"wp-widget-nav_menu.default\">\n\t\t\t\t<div class=\"elementor-widget-container\">\n\t\t\t<nav class=\"menu-droite-container\" aria-label=\"Menu\"><ul id=\"menu-droite\" class=\"menu\"><li id=\"menu-item-443\" class=\"menu-item menu-item-type-post_type menu-item-object-page menu-item-home menu-item-443\"><a href=\"https:\/\/www.carrosseriecd.be\/wp\/\">Accueil<\/a><\/li>\n<li id=\"menu-item-442\" class=\"menu-item menu-item-type-post_type menu-item-object-page menu-item-442\"><a href=\"https:\/\/www.carrosseriecd.be\/wp\/?page_id=57\">Contacts<\/a><\/li>\n<li id=\"menu-item-75\" class=\"menu-item menu-item-type-post_type menu-item-object-page menu-item-75\"><a href=\"https:\/\/www.carrosseriecd.be\/wp\/?page_id=63\">Agr\u00e9ations<\/a><\/li>\n<li id=\"menu-item-76\" class=\"menu-item menu-item-type-post_type menu-item-object-page menu-item-76\"><a href=\"https:\/\/www.carrosseriecd.be\/wp\/?page_id=30\">R\u00e9parations<\/a><\/li>\n<li id=\"menu-item-77\" class=\"menu-item menu-item-type-post_type menu-item-object-page menu-item-77\"><a href=\"https:\/\/www.carrosseriecd.be\/wp\/?page_id=67\">Devis d\u00e9taill\u00e9s<\/a><\/li>\n<li id=\"menu-item-78\" class=\"menu-item menu-item-type-post_type menu-item-object-page menu-item-78\"><a href=\"https:\/\/www.carrosseriecd.be\/wp\/?page_id=69\">Outillage adapt\u00e9<\/a><\/li>\n<li id=\"menu-item-79\" class=\"menu-item menu-item-type-post_type menu-item-object-page menu-item-79\"><a href=\"https:\/\/www.carrosseriecd.be\/wp\/?page_id=71\">Peintures \u00e9cologiques<\/a><\/li>\n<li id=\"menu-item-80\" class=\"menu-item menu-item-type-post_type menu-item-object-page menu-item-80\"><a href=\"https:\/\/www.carrosseriecd.be\/wp\/?page_id=73\">V\u00e9hicule de remplacement<\/a><\/li>\n<\/ul><\/nav>\t\t<\/div>\n\t\t\t\t<\/div>\n\t\t\t\t<div class=\"elementor-element elementor-element-fa06f9f elementor-widget-divider--view-line elementor-widget elementor-widget-divider\" data-id=\"fa06f9f\" data-element_type=\"widget\" data-widget_type=\"divider.default\">\n\t\t\t\t<div class=\"elementor-widget-container\">\n\t\t\t\t\t<div class=\"elementor-divider\">\n\t\t\t<span class=\"elementor-divider-separator\">\n\t\t\t\t\t\t<\/span>\n\t\t<\/div>\n\t\t\t\t<\/div>\n\t\t\t\t<\/div>\n\t\t\t\t<div class=\"elementor-element elementor-element-f23bf9a elementor-widget elementor-widget-text-editor\" data-id=\"f23bf9a\" data-element_type=\"widget\" data-widget_type=\"text-editor.default\">\n\t\t\t\t<div class=\"elementor-widget-container\">\n\t\t\t\t\t\t\t\t<div class=\"elementor-text-editor elementor-clearfix\">\n\t\t\t\t<p><span style=\"text-decoration: underline;\"><strong>Horaires d&#8217;ouverture<\/strong><\/span><\/p><p>Du lundi au jeudi : <strong>8h00 \u00e0 18h30<\/strong><\/p><p>Vendredi : <strong>8h00 \u00e0 17h30<\/strong><\/p>\t\t\t\t\t<\/div>\n\t\t\t\t\t\t<\/div>\n\t\t\t\t<\/div>\n\t\t\t\t<div class=\"elementor-element elementor-element-3949a86 elementor-widget-divider--view-line elementor-widget elementor-widget-divider\" data-id=\"3949a86\" data-element_type=\"widget\" data-widget_type=\"divider.default\">\n\t\t\t\t<div class=\"elementor-widget-container\">\n\t\t\t\t\t<div class=\"elementor-divider\">\n\t\t\t<span class=\"elementor-divider-separator\">\n\t\t\t\t\t\t<\/span>\n\t\t<\/div>\n\t\t\t\t<\/div>\n\t\t\t\t<\/div>\n\t\t\t\t<div class=\"elementor-element elementor-element-0345359 elementor-widget elementor-widget-text-editor\" data-id=\"0345359\" data-element_type=\"widget\" data-widget_type=\"text-editor.default\">\n\t\t\t\t<div class=\"elementor-widget-container\">\n\t\t\t\t\t\t\t\t<div class=\"elementor-text-editor elementor-clearfix\">\n\t\t\t\t<p><span style=\"text-decoration: underline;\"><strong>Suivez-nous sur&#8230;<\/strong><\/span><\/p>\t\t\t\t\t<\/div>\n\t\t\t\t\t\t<\/div>\n\t\t\t\t<\/div>\n\t\t\t\t<div class=\"elementor-element elementor-element-61e436b e-grid-align-left elementor-shape-rounded elementor-grid-0 elementor-widget elementor-widget-social-icons\" data-id=\"61e436b\" data-element_type=\"widget\" data-widget_type=\"social-icons.default\">\n\t\t\t\t<div class=\"elementor-widget-container\">\n\t\t\t\t\t<div class=\"elementor-social-icons-wrapper elementor-grid\">\n\t\t\t\t\t\t\t<span class=\"elementor-grid-item\">\n\t\t\t\t\t<a class=\"elementor-icon elementor-social-icon elementor-social-icon-facebook elementor-repeater-item-ec898ea\" href=\"https:\/\/www.facebook.com\/carrosseriecd\" target=\"_blank\">\n\t\t\t\t\t\t<span class=\"elementor-screen-only\">Facebook<\/span>\n\t\t\t\t\t\t<i class=\"fab fa-facebook\"><\/i>\t\t\t\t\t<\/a>\n\t\t\t\t<\/span>\n\t\t\t\t\t<\/div>\n\t\t\t\t<\/div>\n\t\t\t\t<\/div>\n\t\t\t\t\t\t<\/div>\n\t\t\t\t\t<\/div>\n\t\t<\/div>\n\t\t\t\t\t\t\t\t<\/div>\n\t\t\t\t\t<\/div>\n\t\t<\/section>\n\t\t\t\t\t\t\t\t\t<\/div>\n\t\t\t<\/div>\n\t\t\t\t\t<\/div>\n\t\t","protected":false},"excerpt":{"rendered":"<p>Carrosserie CD293, avenue Georges HenriB-1200 Woluw\u00e9-Saint-LambertT\u00e9l.: 02 \/ 734 60 54Fax : 02 \/ 733 70 45info@carrosseriecd.beTVA : BE 0898.123.790 Devis d\u00e9taill\u00e9s Les devis sont le premier contact avec nos clients, ils doivent donc \u00eatre clairs et pr\u00e9cis. Les logiciels du secteur automobile nous permettent de d\u00e9finir exactement les pi\u00e8ces \u00e0 remplacer. Nous suivons scrupuleusement &hellip; <\/p>\n<p class=\"link-more\"><a href=\"https:\/\/www.carrosseriecd.be\/wp\/?page_id=67\" class=\"more-link\">Continue reading<span class=\"screen-reader-text\"> &#8220;Devis d\u00e9taill\u00e9s&#8221;<\/span><\/a><\/p>\n","protected":false},"author":1,"featured_media":0,"parent":0,"menu_order":0,"comment_status":"closed","ping_status":"closed","template":"elementor_header_footer","meta":{"footnotes":""},"class_list":["post-67","page","type-page","status-publish","hentry","entry"],"_links":{"self":[{"href":"https:\/\/www.carrosseriecd.be\/wp\/index.php?rest_route=\/wp\/v2\/pages\/67","targetHints":{"allow":["GET"]}}],"collection":[{"href":"https:\/\/www.carrosseriecd.be\/wp\/index.php?rest_route=\/wp\/v2\/pages"}],"about":[{"href":"https:\/\/www.carrosseriecd.be\/wp\/index.php?rest_route=\/wp\/v2\/types\/page"}],"author":[{"embeddable":true,"href":"https:\/\/www.carrosseriecd.be\/wp\/index.php?rest_route=\/wp\/v2\/users\/1"}],"replies":[{"embeddable":true,"href":"https:\/\/www.carrosseriecd.be\/wp\/index.php?rest_route=%2Fwp%2Fv2%2Fcomments&post=67"}],"version-history":[{"count":22,"href":"https:\/\/www.carrosseriecd.be\/wp\/index.php?rest_route=\/wp\/v2\/pages\/67\/revisions"}],"predecessor-version":[{"id":703,"href":"https:\/\/www.carrosseriecd.be\/wp\/index.php?rest_route=\/wp\/v2\/pages\/67\/revisions\/703"}],"wp:attachment":[{"href":"https:\/\/www.carrosseriecd.be\/wp\/index.php?rest_route=%2Fwp%2Fv2%2Fmedia&parent=67"}],"curies":[{"name":"wp","href":"https:\/\/api.w.org\/{rel}","templated":true}]}}