{"id":69,"date":"2020-08-25T19:25:37","date_gmt":"2020-08-25T17:25:37","guid":{"rendered":"http:\/\/www.carrosseriecd.be\/wp\/?page_id=69"},"modified":"2024-10-16T17:23:35","modified_gmt":"2024-10-16T15:23:35","slug":"outillage-adapte","status":"publish","type":"page","link":"https:\/\/www.carrosseriecd.be\/wp\/?page_id=69","title":{"rendered":"Outillage adapt\u00e9"},"content":{"rendered":"\t\t<div data-elementor-type=\"wp-page\" data-elementor-id=\"69\" class=\"elementor elementor-69\">\n\t\t\t\t\t\t<div class=\"elementor-inner\">\n\t\t\t\t<div class=\"elementor-section-wrap\">\n\t\t\t\t\t\t\t\t\t<section class=\"elementor-section elementor-top-section elementor-element elementor-element-192dccd elementor-section-boxed elementor-section-height-default elementor-section-height-default\" data-id=\"192dccd\" data-element_type=\"section\">\n\t\t\t\t\t\t<div class=\"elementor-container elementor-column-gap-default\">\n\t\t\t\t\t\t\t<div class=\"elementor-row\">\n\t\t\t\t\t<div class=\"elementor-column elementor-col-66 elementor-top-column elementor-element elementor-element-4f6c330\" data-id=\"4f6c330\" data-element_type=\"column\">\n\t\t\t<div class=\"elementor-column-wrap elementor-element-populated\">\n\t\t\t\t\t\t\t<div class=\"elementor-widget-wrap\">\n\t\t\t\t\t\t<div class=\"elementor-element elementor-element-8f6699b elementor-widget elementor-widget-image\" data-id=\"8f6699b\" data-element_type=\"widget\" data-widget_type=\"image.default\">\n\t\t\t\t<div class=\"elementor-widget-container\">\n\t\t\t\t\t\t\t\t<div class=\"elementor-image\">\n\t\t\t\t\t\t\t\t\t\t\t\t<img loading=\"lazy\" decoding=\"async\" width=\"450\" height=\"134\" src=\"https:\/\/www.carrosseriecd.be\/wp\/wp-content\/uploads\/2020\/08\/object1179575484.png\" class=\"attachment-2048x2048 size-2048x2048 wp-image-82\" alt=\"\" srcset=\"https:\/\/www.carrosseriecd.be\/wp\/wp-content\/uploads\/2020\/08\/object1179575484.png 450w, https:\/\/www.carrosseriecd.be\/wp\/wp-content\/uploads\/2020\/08\/object1179575484-300x89.png 300w\" sizes=\"auto, (max-width: 34.9rem) calc(100vw - 2rem), (max-width: 53rem) calc(8 * (100vw \/ 12)), (min-width: 53rem) calc(6 * (100vw \/ 12)), 100vw\" \/>\t\t\t\t\t\t\t\t\t\t\t\t\t\t<\/div>\n\t\t\t\t\t\t<\/div>\n\t\t\t\t<\/div>\n\t\t\t\t\t\t<\/div>\n\t\t\t\t\t<\/div>\n\t\t<\/div>\n\t\t\t\t<div class=\"elementor-column elementor-col-33 elementor-top-column elementor-element elementor-element-d348842\" data-id=\"d348842\" data-element_type=\"column\" data-settings=\"{&quot;background_background&quot;:&quot;classic&quot;}\">\n\t\t\t<div class=\"elementor-column-wrap elementor-element-populated\">\n\t\t\t\t\t\t\t<div class=\"elementor-widget-wrap\">\n\t\t\t\t\t\t<div class=\"elementor-element elementor-element-d055cd1 elementor-widget elementor-widget-text-editor\" data-id=\"d055cd1\" data-element_type=\"widget\" data-widget_type=\"text-editor.default\">\n\t\t\t\t<div class=\"elementor-widget-container\">\n\t\t\t\t\t\t\t\t<div class=\"elementor-text-editor elementor-clearfix\">\n\t\t\t\t<p><strong>Carrosserie CD<\/strong><br \/>293, avenue Georges Henri<br \/>B-1200 Woluw\u00e9-Saint-Lambert<br \/>T\u00e9l.: 02 \/ 734 60 54<br \/>Fax : 02 \/ 733 70 45<br \/><a href=\"mailto:info@carrosseriecd.be\">info@carrosseriecd.be<\/a><br \/>TVA : BE 0898.123.790<\/p>\t\t\t\t\t<\/div>\n\t\t\t\t\t\t<\/div>\n\t\t\t\t<\/div>\n\t\t\t\t\t\t<\/div>\n\t\t\t\t\t<\/div>\n\t\t<\/div>\n\t\t\t\t\t\t\t\t<\/div>\n\t\t\t\t\t<\/div>\n\t\t<\/section>\n\t\t\t\t<section class=\"elementor-section elementor-top-section elementor-element elementor-element-31a95e0 elementor-section-boxed elementor-section-height-default elementor-section-height-default\" data-id=\"31a95e0\" data-element_type=\"section\">\n\t\t\t\t\t\t<div class=\"elementor-container elementor-column-gap-default\">\n\t\t\t\t\t\t\t<div class=\"elementor-row\">\n\t\t\t\t\t<div class=\"elementor-column elementor-col-66 elementor-top-column elementor-element elementor-element-ebb2de3\" data-id=\"ebb2de3\" data-element_type=\"column\">\n\t\t\t<div class=\"elementor-column-wrap elementor-element-populated\">\n\t\t\t\t\t\t\t<div class=\"elementor-widget-wrap\">\n\t\t\t\t\t\t<div class=\"elementor-element elementor-element-7370275 elementor-widget elementor-widget-heading\" data-id=\"7370275\" data-element_type=\"widget\" data-widget_type=\"heading.default\">\n\t\t\t\t<div class=\"elementor-widget-container\">\n\t\t\t<h3 class=\"elementor-heading-title elementor-size-default\">Outillage adapt\u00e9<\/h3>\t\t<\/div>\n\t\t\t\t<\/div>\n\t\t\t\t<div class=\"elementor-element elementor-element-27f1213 elementor-widget elementor-widget-text-editor\" data-id=\"27f1213\" data-element_type=\"widget\" data-widget_type=\"text-editor.default\">\n\t\t\t\t<div class=\"elementor-widget-container\">\n\t\t\t\t\t\t\t\t<div class=\"elementor-text-editor elementor-clearfix\">\n\t\t\t\t<p>L&#8217;outillage permet un travail de pr\u00e9cision.<\/p><p>La carrosserie CD se fait donc un point d&#8217;honneur \u00e0 utiliser le meilleur mat\u00e9riel possible pour obtenir un r\u00e9sultat optimal.<\/p><p>Nous sommes \u00e9quip\u00e9s pour travailler sur l&#8217;ensemble des marques\u00a0 pr\u00e9sentes en Belgique, tant sur les mod\u00e8les les plus r\u00e9cents que sur les plus anciens.<\/p><p>Nous avons aussi une excellente machine \u00e0 caf\u00e9 pour vous recevoir de mani\u00e8re agr\u00e9able.\u00a0<\/p>\t\t\t\t\t<\/div>\n\t\t\t\t\t\t<\/div>\n\t\t\t\t<\/div>\n\t\t\t\t<div class=\"elementor-element elementor-element-108a7dc elementor-widget elementor-widget-shortcode\" data-id=\"108a7dc\" data-element_type=\"widget\" data-widget_type=\"shortcode.default\">\n\t\t\t\t<div class=\"elementor-widget-container\">\n\t\t\t\t\t<div class=\"elementor-shortcode\">[rl_gallery id=\"435\"]<\/div>\n\t\t\t\t<\/div>\n\t\t\t\t<\/div>\n\t\t\t\t\t\t<\/div>\n\t\t\t\t\t<\/div>\n\t\t<\/div>\n\t\t\t\t<div class=\"elementor-column elementor-col-33 elementor-top-column elementor-element elementor-element-ef4e22e\" data-id=\"ef4e22e\" data-element_type=\"column\" data-settings=\"{&quot;background_background&quot;:&quot;classic&quot;}\">\n\t\t\t<div class=\"elementor-column-wrap elementor-element-populated\">\n\t\t\t\t\t\t\t<div class=\"elementor-widget-wrap\">\n\t\t\t\t\t\t<div class=\"elementor-element elementor-element-8a61b42 elementor-widget elementor-widget-wp-widget-nav_menu\" data-id=\"8a61b42\" data-element_type=\"widget\" data-widget_type=\"wp-widget-nav_menu.default\">\n\t\t\t\t<div class=\"elementor-widget-container\">\n\t\t\t<nav class=\"menu-droite-container\" aria-label=\"Menu\"><ul id=\"menu-droite\" class=\"menu\"><li id=\"menu-item-443\" class=\"menu-item menu-item-type-post_type menu-item-object-page menu-item-home menu-item-443\"><a href=\"https:\/\/www.carrosseriecd.be\/wp\/\">Accueil<\/a><\/li>\n<li id=\"menu-item-442\" class=\"menu-item menu-item-type-post_type menu-item-object-page menu-item-442\"><a href=\"https:\/\/www.carrosseriecd.be\/wp\/?page_id=57\">Contacts<\/a><\/li>\n<li id=\"menu-item-75\" class=\"menu-item menu-item-type-post_type menu-item-object-page menu-item-75\"><a href=\"https:\/\/www.carrosseriecd.be\/wp\/?page_id=63\">Agr\u00e9ations<\/a><\/li>\n<li id=\"menu-item-76\" class=\"menu-item menu-item-type-post_type menu-item-object-page menu-item-76\"><a href=\"https:\/\/www.carrosseriecd.be\/wp\/?page_id=30\">R\u00e9parations<\/a><\/li>\n<li id=\"menu-item-77\" class=\"menu-item menu-item-type-post_type menu-item-object-page menu-item-77\"><a href=\"https:\/\/www.carrosseriecd.be\/wp\/?page_id=67\">Devis d\u00e9taill\u00e9s<\/a><\/li>\n<li id=\"menu-item-78\" class=\"menu-item menu-item-type-post_type menu-item-object-page menu-item-78\"><a href=\"https:\/\/www.carrosseriecd.be\/wp\/?page_id=69\">Outillage adapt\u00e9<\/a><\/li>\n<li id=\"menu-item-79\" class=\"menu-item menu-item-type-post_type menu-item-object-page menu-item-79\"><a href=\"https:\/\/www.carrosseriecd.be\/wp\/?page_id=71\">Peintures \u00e9cologiques<\/a><\/li>\n<li id=\"menu-item-80\" class=\"menu-item menu-item-type-post_type menu-item-object-page menu-item-80\"><a href=\"https:\/\/www.carrosseriecd.be\/wp\/?page_id=73\">V\u00e9hicule de remplacement<\/a><\/li>\n<\/ul><\/nav>\t\t<\/div>\n\t\t\t\t<\/div>\n\t\t\t\t<div class=\"elementor-element elementor-element-e465270 elementor-widget-divider--view-line elementor-widget elementor-widget-divider\" data-id=\"e465270\" data-element_type=\"widget\" data-widget_type=\"divider.default\">\n\t\t\t\t<div class=\"elementor-widget-container\">\n\t\t\t\t\t<div class=\"elementor-divider\">\n\t\t\t<span class=\"elementor-divider-separator\">\n\t\t\t\t\t\t<\/span>\n\t\t<\/div>\n\t\t\t\t<\/div>\n\t\t\t\t<\/div>\n\t\t\t\t<div class=\"elementor-element elementor-element-d855396 elementor-widget elementor-widget-text-editor\" data-id=\"d855396\" data-element_type=\"widget\" data-widget_type=\"text-editor.default\">\n\t\t\t\t<div class=\"elementor-widget-container\">\n\t\t\t\t\t\t\t\t<div class=\"elementor-text-editor elementor-clearfix\">\n\t\t\t\t<p><span style=\"text-decoration: underline;\"><strong>Horaires d&#8217;ouverture<\/strong><\/span><\/p><p>Du lundi au jeudi : <strong>8h00 \u00e0 18h30<\/strong><\/p><p>Vendredi : <strong>8h00 \u00e0 17h30<\/strong><\/p>\t\t\t\t\t<\/div>\n\t\t\t\t\t\t<\/div>\n\t\t\t\t<\/div>\n\t\t\t\t<div class=\"elementor-element elementor-element-885c696 elementor-widget-divider--view-line elementor-widget elementor-widget-divider\" data-id=\"885c696\" data-element_type=\"widget\" data-widget_type=\"divider.default\">\n\t\t\t\t<div class=\"elementor-widget-container\">\n\t\t\t\t\t<div class=\"elementor-divider\">\n\t\t\t<span class=\"elementor-divider-separator\">\n\t\t\t\t\t\t<\/span>\n\t\t<\/div>\n\t\t\t\t<\/div>\n\t\t\t\t<\/div>\n\t\t\t\t<div class=\"elementor-element elementor-element-a56c49e elementor-widget elementor-widget-text-editor\" data-id=\"a56c49e\" data-element_type=\"widget\" data-widget_type=\"text-editor.default\">\n\t\t\t\t<div class=\"elementor-widget-container\">\n\t\t\t\t\t\t\t\t<div class=\"elementor-text-editor elementor-clearfix\">\n\t\t\t\t<p><span style=\"text-decoration: underline;\"><strong>Suivez-nous sur&#8230;<\/strong><\/span><\/p>\t\t\t\t\t<\/div>\n\t\t\t\t\t\t<\/div>\n\t\t\t\t<\/div>\n\t\t\t\t<div class=\"elementor-element elementor-element-b0122b3 e-grid-align-left elementor-shape-rounded elementor-grid-0 elementor-widget elementor-widget-social-icons\" data-id=\"b0122b3\" data-element_type=\"widget\" data-widget_type=\"social-icons.default\">\n\t\t\t\t<div class=\"elementor-widget-container\">\n\t\t\t\t\t<div class=\"elementor-social-icons-wrapper elementor-grid\">\n\t\t\t\t\t\t\t<span class=\"elementor-grid-item\">\n\t\t\t\t\t<a class=\"elementor-icon elementor-social-icon elementor-social-icon-facebook elementor-repeater-item-ec898ea\" href=\"https:\/\/www.facebook.com\/carrosseriecd\" target=\"_blank\">\n\t\t\t\t\t\t<span class=\"elementor-screen-only\">Facebook<\/span>\n\t\t\t\t\t\t<i class=\"fab fa-facebook\"><\/i>\t\t\t\t\t<\/a>\n\t\t\t\t<\/span>\n\t\t\t\t\t<\/div>\n\t\t\t\t<\/div>\n\t\t\t\t<\/div>\n\t\t\t\t\t\t<\/div>\n\t\t\t\t\t<\/div>\n\t\t<\/div>\n\t\t\t\t\t\t\t\t<\/div>\n\t\t\t\t\t<\/div>\n\t\t<\/section>\n\t\t\t\t\t\t\t\t\t<\/div>\n\t\t\t<\/div>\n\t\t\t\t\t<\/div>\n\t\t","protected":false},"excerpt":{"rendered":"<p>Carrosserie CD293, avenue Georges HenriB-1200 Woluw\u00e9-Saint-LambertT\u00e9l.: 02 \/ 734 60 54Fax : 02 \/ 733 70 45info@carrosseriecd.beTVA : BE 0898.123.790 Outillage adapt\u00e9 L&#8217;outillage permet un travail de pr\u00e9cision. La carrosserie CD se fait donc un point d&#8217;honneur \u00e0 utiliser le meilleur mat\u00e9riel possible pour obtenir un r\u00e9sultat optimal. Nous sommes \u00e9quip\u00e9s pour travailler sur l&#8217;ensemble &hellip; <\/p>\n<p class=\"link-more\"><a href=\"https:\/\/www.carrosseriecd.be\/wp\/?page_id=69\" class=\"more-link\">Continue reading<span class=\"screen-reader-text\"> &#8220;Outillage adapt\u00e9&#8221;<\/span><\/a><\/p>\n","protected":false},"author":1,"featured_media":0,"parent":0,"menu_order":0,"comment_status":"closed","ping_status":"closed","template":"elementor_header_footer","meta":{"footnotes":""},"class_list":["post-69","page","type-page","status-publish","hentry","entry"],"_links":{"self":[{"href":"https:\/\/www.carrosseriecd.be\/wp\/index.php?rest_route=\/wp\/v2\/pages\/69","targetHints":{"allow":["GET"]}}],"collection":[{"href":"https:\/\/www.carrosseriecd.be\/wp\/index.php?rest_route=\/wp\/v2\/pages"}],"about":[{"href":"https:\/\/www.carrosseriecd.be\/wp\/index.php?rest_route=\/wp\/v2\/types\/page"}],"author":[{"embeddable":true,"href":"https:\/\/www.carrosseriecd.be\/wp\/index.php?rest_route=\/wp\/v2\/users\/1"}],"replies":[{"embeddable":true,"href":"https:\/\/www.carrosseriecd.be\/wp\/index.php?rest_route=%2Fwp%2Fv2%2Fcomments&post=69"}],"version-history":[{"count":23,"href":"https:\/\/www.carrosseriecd.be\/wp\/index.php?rest_route=\/wp\/v2\/pages\/69\/revisions"}],"predecessor-version":[{"id":709,"href":"https:\/\/www.carrosseriecd.be\/wp\/index.php?rest_route=\/wp\/v2\/pages\/69\/revisions\/709"}],"wp:attachment":[{"href":"https:\/\/www.carrosseriecd.be\/wp\/index.php?rest_route=%2Fwp%2Fv2%2Fmedia&parent=69"}],"curies":[{"name":"wp","href":"https:\/\/api.w.org\/{rel}","templated":true}]}}