{"id":71,"date":"2020-08-25T19:26:11","date_gmt":"2020-08-25T17:26:11","guid":{"rendered":"http:\/\/www.carrosseriecd.be\/wp\/?page_id=71"},"modified":"2024-10-16T17:23:47","modified_gmt":"2024-10-16T15:23:47","slug":"peintures-ecologiques","status":"publish","type":"page","link":"https:\/\/www.carrosseriecd.be\/wp\/?page_id=71","title":{"rendered":"Peintures \u00e9cologiques"},"content":{"rendered":"\t\t<div data-elementor-type=\"wp-page\" data-elementor-id=\"71\" class=\"elementor elementor-71\">\n\t\t\t\t\t\t<div class=\"elementor-inner\">\n\t\t\t\t<div class=\"elementor-section-wrap\">\n\t\t\t\t\t\t\t\t\t<section class=\"elementor-section elementor-top-section elementor-element elementor-element-d5a9b13 elementor-section-boxed elementor-section-height-default elementor-section-height-default\" data-id=\"d5a9b13\" data-element_type=\"section\">\n\t\t\t\t\t\t<div class=\"elementor-container elementor-column-gap-default\">\n\t\t\t\t\t\t\t<div class=\"elementor-row\">\n\t\t\t\t\t<div class=\"elementor-column elementor-col-66 elementor-top-column elementor-element elementor-element-e7d8587\" data-id=\"e7d8587\" data-element_type=\"column\">\n\t\t\t<div class=\"elementor-column-wrap elementor-element-populated\">\n\t\t\t\t\t\t\t<div class=\"elementor-widget-wrap\">\n\t\t\t\t\t\t<div class=\"elementor-element elementor-element-4a114cf elementor-widget elementor-widget-image\" data-id=\"4a114cf\" data-element_type=\"widget\" data-widget_type=\"image.default\">\n\t\t\t\t<div class=\"elementor-widget-container\">\n\t\t\t\t\t\t\t\t<div class=\"elementor-image\">\n\t\t\t\t\t\t\t\t\t\t\t\t<img loading=\"lazy\" decoding=\"async\" width=\"450\" height=\"134\" src=\"https:\/\/www.carrosseriecd.be\/wp\/wp-content\/uploads\/2020\/08\/object1179575484.png\" class=\"attachment-2048x2048 size-2048x2048 wp-image-82\" alt=\"\" srcset=\"https:\/\/www.carrosseriecd.be\/wp\/wp-content\/uploads\/2020\/08\/object1179575484.png 450w, https:\/\/www.carrosseriecd.be\/wp\/wp-content\/uploads\/2020\/08\/object1179575484-300x89.png 300w\" sizes=\"auto, (max-width: 34.9rem) calc(100vw - 2rem), (max-width: 53rem) calc(8 * (100vw \/ 12)), (min-width: 53rem) calc(6 * (100vw \/ 12)), 100vw\" \/>\t\t\t\t\t\t\t\t\t\t\t\t\t\t<\/div>\n\t\t\t\t\t\t<\/div>\n\t\t\t\t<\/div>\n\t\t\t\t\t\t<\/div>\n\t\t\t\t\t<\/div>\n\t\t<\/div>\n\t\t\t\t<div class=\"elementor-column elementor-col-33 elementor-top-column elementor-element elementor-element-9f1a7a6\" data-id=\"9f1a7a6\" data-element_type=\"column\" data-settings=\"{&quot;background_background&quot;:&quot;classic&quot;}\">\n\t\t\t<div class=\"elementor-column-wrap elementor-element-populated\">\n\t\t\t\t\t\t\t<div class=\"elementor-widget-wrap\">\n\t\t\t\t\t\t<div class=\"elementor-element elementor-element-d900da1 elementor-widget elementor-widget-text-editor\" data-id=\"d900da1\" data-element_type=\"widget\" data-widget_type=\"text-editor.default\">\n\t\t\t\t<div class=\"elementor-widget-container\">\n\t\t\t\t\t\t\t\t<div class=\"elementor-text-editor elementor-clearfix\">\n\t\t\t\t<p><strong>Carrosserie CD<\/strong><br \/>293, avenue Georges Henri<br \/>B-1200 Woluw\u00e9-Saint-Lambert<br \/>T\u00e9l.: 02 \/ 734 60 54<br \/>Fax : 02 \/ 733 70 45<br \/><a href=\"mailto:info@carrosseriecd.be\">info@carrosseriecd.be<\/a><br \/><span style=\"color: #7a7a7a;\">TVA : BE 0898.123.790<\/span><\/p>\t\t\t\t\t<\/div>\n\t\t\t\t\t\t<\/div>\n\t\t\t\t<\/div>\n\t\t\t\t\t\t<\/div>\n\t\t\t\t\t<\/div>\n\t\t<\/div>\n\t\t\t\t\t\t\t\t<\/div>\n\t\t\t\t\t<\/div>\n\t\t<\/section>\n\t\t\t\t<section class=\"elementor-section elementor-top-section elementor-element elementor-element-3c6eed9 elementor-section-boxed elementor-section-height-default elementor-section-height-default\" data-id=\"3c6eed9\" data-element_type=\"section\">\n\t\t\t\t\t\t<div class=\"elementor-container elementor-column-gap-default\">\n\t\t\t\t\t\t\t<div class=\"elementor-row\">\n\t\t\t\t\t<div class=\"elementor-column elementor-col-66 elementor-top-column elementor-element elementor-element-c32e151\" data-id=\"c32e151\" data-element_type=\"column\">\n\t\t\t<div class=\"elementor-column-wrap elementor-element-populated\">\n\t\t\t\t\t\t\t<div class=\"elementor-widget-wrap\">\n\t\t\t\t\t\t<div class=\"elementor-element elementor-element-4369617 elementor-widget elementor-widget-heading\" data-id=\"4369617\" data-element_type=\"widget\" data-widget_type=\"heading.default\">\n\t\t\t\t<div class=\"elementor-widget-container\">\n\t\t\t<h3 class=\"elementor-heading-title elementor-size-default\">Cromax est notre partenaire \u00e9cologique<\/h3>\t\t<\/div>\n\t\t\t\t<\/div>\n\t\t\t\t<section class=\"elementor-section elementor-inner-section elementor-element elementor-element-d0bbbc5 elementor-section-boxed elementor-section-height-default elementor-section-height-default\" data-id=\"d0bbbc5\" data-element_type=\"section\">\n\t\t\t\t\t\t<div class=\"elementor-container elementor-column-gap-default\">\n\t\t\t\t\t\t\t<div class=\"elementor-row\">\n\t\t\t\t\t<div class=\"elementor-column elementor-col-50 elementor-inner-column elementor-element elementor-element-c0f78f5\" data-id=\"c0f78f5\" data-element_type=\"column\">\n\t\t\t<div class=\"elementor-column-wrap elementor-element-populated\">\n\t\t\t\t\t\t\t<div class=\"elementor-widget-wrap\">\n\t\t\t\t\t\t<div class=\"elementor-element elementor-element-da675e2 elementor-widget elementor-widget-image\" data-id=\"da675e2\" data-element_type=\"widget\" data-widget_type=\"image.default\">\n\t\t\t\t<div class=\"elementor-widget-container\">\n\t\t\t\t\t\t\t\t<div class=\"elementor-image\">\n\t\t\t\t\t\t\t\t\t\t\t\t\t<a href=\"http:\/\/www.carrosseriecd.be\/wp\/wp-content\/uploads\/2020\/08\/Capture-decran-2018-01-28-a-16.58.28.png\" data-src=\"http:\/\/www.carrosseriecd.be\/wp\/wp-content\/uploads\/2020\/08\/Capture-decran-2018-01-28-a-16.58.28.png\" data-thumb=\"https:\/\/www.carrosseriecd.be\/wp\/wp-content\/uploads\/2020\/08\/Capture-decran-2018-01-28-a-16.58.28.png\" class=\"ml-lightbox-enabled\">\n\t\t\t\t\t\t\t<img loading=\"lazy\" decoding=\"async\" width=\"375\" height=\"200\" src=\"https:\/\/www.carrosseriecd.be\/wp\/wp-content\/uploads\/2020\/08\/Capture-decran-2018-01-28-a-16.58.28.png\" class=\"attachment-large size-large wp-image-540\" alt=\"\" srcset=\"https:\/\/www.carrosseriecd.be\/wp\/wp-content\/uploads\/2020\/08\/Capture-decran-2018-01-28-a-16.58.28.png 375w, https:\/\/www.carrosseriecd.be\/wp\/wp-content\/uploads\/2020\/08\/Capture-decran-2018-01-28-a-16.58.28-300x160.png 300w\" sizes=\"auto, (max-width: 34.9rem) calc(100vw - 2rem), (max-width: 53rem) calc(8 * (100vw \/ 12)), (min-width: 53rem) calc(6 * (100vw \/ 12)), 100vw\" \/>\t\t\t\t\t\t\t\t<\/a>\n\t\t\t\t\t\t\t\t\t\t\t\t\t\t<\/div>\n\t\t\t\t\t\t<\/div>\n\t\t\t\t<\/div>\n\t\t\t\t<div class=\"elementor-element elementor-element-029f0cf elementor-widget elementor-widget-text-editor\" data-id=\"029f0cf\" data-element_type=\"widget\" data-widget_type=\"text-editor.default\">\n\t\t\t\t<div class=\"elementor-widget-container\">\n\t\t\t\t\t\t\t\t<div class=\"elementor-text-editor elementor-clearfix\">\n\t\t\t\t<p>Carrosserie agr\u00e9\u00e9e et respectueuse de l&#8217;environnement<\/p>\t\t\t\t\t<\/div>\n\t\t\t\t\t\t<\/div>\n\t\t\t\t<\/div>\n\t\t\t\t\t\t<\/div>\n\t\t\t\t\t<\/div>\n\t\t<\/div>\n\t\t\t\t<div class=\"elementor-column elementor-col-50 elementor-inner-column elementor-element elementor-element-0d78f03\" data-id=\"0d78f03\" data-element_type=\"column\">\n\t\t\t<div class=\"elementor-column-wrap elementor-element-populated\">\n\t\t\t\t\t\t\t<div class=\"elementor-widget-wrap\">\n\t\t\t\t\t\t<div class=\"elementor-element elementor-element-5b25768 elementor-widget elementor-widget-text-editor\" data-id=\"5b25768\" data-element_type=\"widget\" data-widget_type=\"text-editor.default\">\n\t\t\t\t<div class=\"elementor-widget-container\">\n\t\t\t\t\t\t\t\t<div class=\"elementor-text-editor elementor-clearfix\">\n\t\t\t\t<p>Nous sommes heureux de vous informer que la Carrosserie CD a choisi d&#8217;utiliser des produits hydrosolubles pour la mise en peinture des automobiles.Nous r\u00e9duisons ainsi les \u00e9missions de solvants d&#8217;environ 90% par rapport aux produits de peintures conventionnels.L&#8217;utilisation des peintures hydrosolubles permet aussi de r\u00e9aliser des progr\u00e8s importants pour l&#8217;environnement, dans le domaine de l&#8217;\u00e9limination des d\u00e9chets; l&#8217;\u00e9limination des liquides de nettoyage contenant des solvants est maintenant r\u00e9duite de 95%, car l&#8217;eau utilis\u00e9e pour le nettoyage est r\u00e9cup\u00e9r\u00e9e \u00e0 95%.<\/p><p>D&#8217;autre part, nous r\u00e9duisons consid\u00e9rablement les risques li\u00e9s au stockage des produits de peinture.<\/p><p>Enfin, et c&#8217;est pour nous tr\u00e8s important, l&#8217;utilisation des peintures hydrosolubles permet une am\u00e9lioration sensible des conditions d&#8217;hygi\u00e8ne et de s\u00e9curit\u00e9 aux postes de travail.<\/p><p>Nous pensons que notre choix technologique est important pour l&#8217;avenir et apporte une contribution \u00e0 l&#8217;am\u00e9lioration de la qualit\u00e9 de vie dans notre ville.<\/p>\t\t\t\t\t<\/div>\n\t\t\t\t\t\t<\/div>\n\t\t\t\t<\/div>\n\t\t\t\t\t\t<\/div>\n\t\t\t\t\t<\/div>\n\t\t<\/div>\n\t\t\t\t\t\t\t\t<\/div>\n\t\t\t\t\t<\/div>\n\t\t<\/section>\n\t\t\t\t<section class=\"elementor-section elementor-inner-section elementor-element elementor-element-353f2ba elementor-section-boxed elementor-section-height-default elementor-section-height-default\" data-id=\"353f2ba\" data-element_type=\"section\">\n\t\t\t\t\t\t<div class=\"elementor-container elementor-column-gap-default\">\n\t\t\t\t\t\t\t<div class=\"elementor-row\">\n\t\t\t\t\t<div class=\"elementor-column elementor-col-50 elementor-inner-column elementor-element elementor-element-2b0e3e0\" data-id=\"2b0e3e0\" data-element_type=\"column\">\n\t\t\t<div class=\"elementor-column-wrap elementor-element-populated\">\n\t\t\t\t\t\t\t<div class=\"elementor-widget-wrap\">\n\t\t\t\t\t\t<div class=\"elementor-element elementor-element-a8b8ab6 elementor-widget elementor-widget-image\" data-id=\"a8b8ab6\" data-element_type=\"widget\" data-widget_type=\"image.default\">\n\t\t\t\t<div class=\"elementor-widget-container\">\n\t\t\t\t\t\t\t\t<div class=\"elementor-image\">\n\t\t\t\t\t\t\t\t\t\t\t\t\t<a href=\"http:\/\/www.carrosseriecd.be\/wp\/wp-content\/uploads\/2020\/08\/cromax2.jpg\" data-src=\"http:\/\/www.carrosseriecd.be\/wp\/wp-content\/uploads\/2020\/08\/cromax2.jpg\" data-thumb=\"https:\/\/www.carrosseriecd.be\/wp\/wp-content\/uploads\/2020\/08\/cromax2.jpg\" class=\"ml-lightbox-enabled\">\n\t\t\t\t\t\t\t<img loading=\"lazy\" decoding=\"async\" width=\"259\" height=\"194\" src=\"https:\/\/www.carrosseriecd.be\/wp\/wp-content\/uploads\/2020\/08\/cromax2.jpg\" class=\"attachment-large size-large wp-image-541\" alt=\"\" sizes=\"auto, (max-width: 34.9rem) calc(100vw - 2rem), (max-width: 53rem) calc(8 * (100vw \/ 12)), (min-width: 53rem) calc(6 * (100vw \/ 12)), 100vw\" \/>\t\t\t\t\t\t\t\t<\/a>\n\t\t\t\t\t\t\t\t\t\t\t\t\t\t<\/div>\n\t\t\t\t\t\t<\/div>\n\t\t\t\t<\/div>\n\t\t\t\t<div class=\"elementor-element elementor-element-244d334 elementor-widget elementor-widget-text-editor\" data-id=\"244d334\" data-element_type=\"widget\" data-widget_type=\"text-editor.default\">\n\t\t\t\t<div class=\"elementor-widget-container\">\n\t\t\t\t\t\t\t\t<div class=\"elementor-text-editor elementor-clearfix\">\n\t\t\t\t<p>Cromax, le choix de Carrosserie CD<\/p>\t\t\t\t\t<\/div>\n\t\t\t\t\t\t<\/div>\n\t\t\t\t<\/div>\n\t\t\t\t\t\t<\/div>\n\t\t\t\t\t<\/div>\n\t\t<\/div>\n\t\t\t\t<div class=\"elementor-column elementor-col-50 elementor-inner-column elementor-element elementor-element-b76afa7\" data-id=\"b76afa7\" data-element_type=\"column\">\n\t\t\t<div class=\"elementor-column-wrap elementor-element-populated\">\n\t\t\t\t\t\t\t<div class=\"elementor-widget-wrap\">\n\t\t\t\t\t\t<div class=\"elementor-element elementor-element-50117d8 elementor-widget elementor-widget-text-editor\" data-id=\"50117d8\" data-element_type=\"widget\" data-widget_type=\"text-editor.default\">\n\t\t\t\t<div class=\"elementor-widget-container\">\n\t\t\t\t\t\t\t\t<div class=\"elementor-text-editor elementor-clearfix\">\n\t\t\t\t<p>2008 fut pour la Carrosserie CD l&#8217;ann\u00e9e des contr\u00f4les environnementaux.Une grosse \u00e9tude a \u00e9t\u00e9 men\u00e9e par les services de l&#8217;IBGE dans notre atelier ; m\u00eame les sols ont \u00e9t\u00e9 sond\u00e9s.<\/p>\n<p>RESULTAT : AUCUNE pollution n&#8217;est constat\u00e9e, la Carrosserie CD met tout en oeuvre pour respecter l&#8217;environnement. Notre permis d&#8217;exploitation a \u00e9t\u00e9 renouvel\u00e9.<\/p>\t\t\t\t\t<\/div>\n\t\t\t\t\t\t<\/div>\n\t\t\t\t<\/div>\n\t\t\t\t\t\t<\/div>\n\t\t\t\t\t<\/div>\n\t\t<\/div>\n\t\t\t\t\t\t\t\t<\/div>\n\t\t\t\t\t<\/div>\n\t\t<\/section>\n\t\t\t\t\t\t<\/div>\n\t\t\t\t\t<\/div>\n\t\t<\/div>\n\t\t\t\t<div class=\"elementor-column elementor-col-33 elementor-top-column elementor-element elementor-element-903b8e2\" data-id=\"903b8e2\" data-element_type=\"column\" data-settings=\"{&quot;background_background&quot;:&quot;classic&quot;}\">\n\t\t\t<div class=\"elementor-column-wrap elementor-element-populated\">\n\t\t\t\t\t\t\t<div class=\"elementor-widget-wrap\">\n\t\t\t\t\t\t<div class=\"elementor-element elementor-element-efa29e7 elementor-widget elementor-widget-wp-widget-nav_menu\" data-id=\"efa29e7\" data-element_type=\"widget\" data-widget_type=\"wp-widget-nav_menu.default\">\n\t\t\t\t<div class=\"elementor-widget-container\">\n\t\t\t<nav class=\"menu-droite-container\" aria-label=\"Menu\"><ul id=\"menu-droite\" class=\"menu\"><li id=\"menu-item-443\" class=\"menu-item menu-item-type-post_type menu-item-object-page menu-item-home menu-item-443\"><a href=\"https:\/\/www.carrosseriecd.be\/wp\/\">Accueil<\/a><\/li>\n<li id=\"menu-item-442\" class=\"menu-item menu-item-type-post_type menu-item-object-page menu-item-442\"><a href=\"https:\/\/www.carrosseriecd.be\/wp\/?page_id=57\">Contacts<\/a><\/li>\n<li id=\"menu-item-75\" class=\"menu-item menu-item-type-post_type menu-item-object-page menu-item-75\"><a href=\"https:\/\/www.carrosseriecd.be\/wp\/?page_id=63\">Agr\u00e9ations<\/a><\/li>\n<li id=\"menu-item-76\" class=\"menu-item menu-item-type-post_type menu-item-object-page menu-item-76\"><a href=\"https:\/\/www.carrosseriecd.be\/wp\/?page_id=30\">R\u00e9parations<\/a><\/li>\n<li id=\"menu-item-77\" class=\"menu-item menu-item-type-post_type menu-item-object-page menu-item-77\"><a href=\"https:\/\/www.carrosseriecd.be\/wp\/?page_id=67\">Devis d\u00e9taill\u00e9s<\/a><\/li>\n<li id=\"menu-item-78\" class=\"menu-item menu-item-type-post_type menu-item-object-page menu-item-78\"><a href=\"https:\/\/www.carrosseriecd.be\/wp\/?page_id=69\">Outillage adapt\u00e9<\/a><\/li>\n<li id=\"menu-item-79\" class=\"menu-item menu-item-type-post_type menu-item-object-page menu-item-79\"><a href=\"https:\/\/www.carrosseriecd.be\/wp\/?page_id=71\">Peintures \u00e9cologiques<\/a><\/li>\n<li id=\"menu-item-80\" class=\"menu-item menu-item-type-post_type menu-item-object-page menu-item-80\"><a href=\"https:\/\/www.carrosseriecd.be\/wp\/?page_id=73\">V\u00e9hicule de remplacement<\/a><\/li>\n<\/ul><\/nav>\t\t<\/div>\n\t\t\t\t<\/div>\n\t\t\t\t<div class=\"elementor-element elementor-element-ec9ab52 elementor-widget-divider--view-line elementor-widget elementor-widget-divider\" data-id=\"ec9ab52\" data-element_type=\"widget\" data-widget_type=\"divider.default\">\n\t\t\t\t<div class=\"elementor-widget-container\">\n\t\t\t\t\t<div class=\"elementor-divider\">\n\t\t\t<span class=\"elementor-divider-separator\">\n\t\t\t\t\t\t<\/span>\n\t\t<\/div>\n\t\t\t\t<\/div>\n\t\t\t\t<\/div>\n\t\t\t\t<div class=\"elementor-element elementor-element-259b804 elementor-widget elementor-widget-text-editor\" data-id=\"259b804\" data-element_type=\"widget\" data-widget_type=\"text-editor.default\">\n\t\t\t\t<div class=\"elementor-widget-container\">\n\t\t\t\t\t\t\t\t<div class=\"elementor-text-editor elementor-clearfix\">\n\t\t\t\t<p><span style=\"text-decoration: underline;\"><strong>Horaires d&#8217;ouverture<\/strong><\/span><\/p><p>Du lundi au jeudi : <strong>8h00 \u00e0 18h30<\/strong><\/p><p>Vendredi : <strong>8h00 \u00e0 17h30<\/strong><\/p>\t\t\t\t\t<\/div>\n\t\t\t\t\t\t<\/div>\n\t\t\t\t<\/div>\n\t\t\t\t<div class=\"elementor-element elementor-element-73a5697 elementor-widget-divider--view-line elementor-widget elementor-widget-divider\" data-id=\"73a5697\" data-element_type=\"widget\" data-widget_type=\"divider.default\">\n\t\t\t\t<div class=\"elementor-widget-container\">\n\t\t\t\t\t<div class=\"elementor-divider\">\n\t\t\t<span class=\"elementor-divider-separator\">\n\t\t\t\t\t\t<\/span>\n\t\t<\/div>\n\t\t\t\t<\/div>\n\t\t\t\t<\/div>\n\t\t\t\t<div class=\"elementor-element elementor-element-bd6f73d elementor-widget elementor-widget-text-editor\" data-id=\"bd6f73d\" data-element_type=\"widget\" data-widget_type=\"text-editor.default\">\n\t\t\t\t<div class=\"elementor-widget-container\">\n\t\t\t\t\t\t\t\t<div class=\"elementor-text-editor elementor-clearfix\">\n\t\t\t\t<p><span style=\"text-decoration: underline;\"><strong>Suivez-nous sur&#8230;<\/strong><\/span><\/p>\t\t\t\t\t<\/div>\n\t\t\t\t\t\t<\/div>\n\t\t\t\t<\/div>\n\t\t\t\t<div class=\"elementor-element elementor-element-8bd1208 e-grid-align-left elementor-shape-rounded elementor-grid-0 elementor-widget elementor-widget-social-icons\" data-id=\"8bd1208\" data-element_type=\"widget\" data-widget_type=\"social-icons.default\">\n\t\t\t\t<div class=\"elementor-widget-container\">\n\t\t\t\t\t<div class=\"elementor-social-icons-wrapper elementor-grid\">\n\t\t\t\t\t\t\t<span class=\"elementor-grid-item\">\n\t\t\t\t\t<a class=\"elementor-icon elementor-social-icon elementor-social-icon-facebook elementor-repeater-item-ec898ea\" href=\"https:\/\/www.facebook.com\/carrosseriecd\" target=\"_blank\">\n\t\t\t\t\t\t<span class=\"elementor-screen-only\">Facebook<\/span>\n\t\t\t\t\t\t<i class=\"fab fa-facebook\"><\/i>\t\t\t\t\t<\/a>\n\t\t\t\t<\/span>\n\t\t\t\t\t<\/div>\n\t\t\t\t<\/div>\n\t\t\t\t<\/div>\n\t\t\t\t\t\t<\/div>\n\t\t\t\t\t<\/div>\n\t\t<\/div>\n\t\t\t\t\t\t\t\t<\/div>\n\t\t\t\t\t<\/div>\n\t\t<\/section>\n\t\t\t\t\t\t\t\t\t<\/div>\n\t\t\t<\/div>\n\t\t\t\t\t<\/div>\n\t\t","protected":false},"excerpt":{"rendered":"<p>Carrosserie CD293, avenue Georges HenriB-1200 Woluw\u00e9-Saint-LambertT\u00e9l.: 02 \/ 734 60 54Fax : 02 \/ 733 70 45info@carrosseriecd.beTVA : BE 0898.123.790 Cromax est notre partenaire \u00e9cologique Carrosserie agr\u00e9\u00e9e et respectueuse de l&#8217;environnement Nous sommes heureux de vous informer que la Carrosserie CD a choisi d&#8217;utiliser des produits hydrosolubles pour la mise en peinture des automobiles.Nous r\u00e9duisons &hellip; <\/p>\n<p class=\"link-more\"><a href=\"https:\/\/www.carrosseriecd.be\/wp\/?page_id=71\" class=\"more-link\">Continue reading<span class=\"screen-reader-text\"> &#8220;Peintures \u00e9cologiques&#8221;<\/span><\/a><\/p>\n","protected":false},"author":1,"featured_media":0,"parent":0,"menu_order":0,"comment_status":"closed","ping_status":"closed","template":"elementor_header_footer","meta":{"footnotes":""},"class_list":["post-71","page","type-page","status-publish","hentry","entry"],"_links":{"self":[{"href":"https:\/\/www.carrosseriecd.be\/wp\/index.php?rest_route=\/wp\/v2\/pages\/71","targetHints":{"allow":["GET"]}}],"collection":[{"href":"https:\/\/www.carrosseriecd.be\/wp\/index.php?rest_route=\/wp\/v2\/pages"}],"about":[{"href":"https:\/\/www.carrosseriecd.be\/wp\/index.php?rest_route=\/wp\/v2\/types\/page"}],"author":[{"embeddable":true,"href":"https:\/\/www.carrosseriecd.be\/wp\/index.php?rest_route=\/wp\/v2\/users\/1"}],"replies":[{"embeddable":true,"href":"https:\/\/www.carrosseriecd.be\/wp\/index.php?rest_route=%2Fwp%2Fv2%2Fcomments&post=71"}],"version-history":[{"count":37,"href":"https:\/\/www.carrosseriecd.be\/wp\/index.php?rest_route=\/wp\/v2\/pages\/71\/revisions"}],"predecessor-version":[{"id":712,"href":"https:\/\/www.carrosseriecd.be\/wp\/index.php?rest_route=\/wp\/v2\/pages\/71\/revisions\/712"}],"wp:attachment":[{"href":"https:\/\/www.carrosseriecd.be\/wp\/index.php?rest_route=%2Fwp%2Fv2%2Fmedia&parent=71"}],"curies":[{"name":"wp","href":"https:\/\/api.w.org\/{rel}","templated":true}]}}