{"id":73,"date":"2020-08-25T19:26:39","date_gmt":"2020-08-25T17:26:39","guid":{"rendered":"http:\/\/www.carrosseriecd.be\/wp\/?page_id=73"},"modified":"2024-10-16T17:24:32","modified_gmt":"2024-10-16T15:24:32","slug":"vehicule-de-remplacement","status":"publish","type":"page","link":"https:\/\/www.carrosseriecd.be\/wp\/?page_id=73","title":{"rendered":"V\u00e9hicule de remplacement"},"content":{"rendered":"\t\t<div data-elementor-type=\"wp-page\" data-elementor-id=\"73\" class=\"elementor elementor-73\">\n\t\t\t\t\t\t<div class=\"elementor-inner\">\n\t\t\t\t<div class=\"elementor-section-wrap\">\n\t\t\t\t\t\t\t\t\t<section class=\"elementor-section elementor-top-section elementor-element elementor-element-7db6a13 elementor-section-boxed elementor-section-height-default elementor-section-height-default\" data-id=\"7db6a13\" data-element_type=\"section\">\n\t\t\t\t\t\t<div class=\"elementor-container elementor-column-gap-default\">\n\t\t\t\t\t\t\t<div class=\"elementor-row\">\n\t\t\t\t\t<div class=\"elementor-column elementor-col-66 elementor-top-column elementor-element elementor-element-112a3d0\" data-id=\"112a3d0\" data-element_type=\"column\">\n\t\t\t<div class=\"elementor-column-wrap elementor-element-populated\">\n\t\t\t\t\t\t\t<div class=\"elementor-widget-wrap\">\n\t\t\t\t\t\t<div class=\"elementor-element elementor-element-26f3409 elementor-widget elementor-widget-image\" data-id=\"26f3409\" data-element_type=\"widget\" data-widget_type=\"image.default\">\n\t\t\t\t<div class=\"elementor-widget-container\">\n\t\t\t\t\t\t\t\t<div class=\"elementor-image\">\n\t\t\t\t\t\t\t\t\t\t\t\t<img loading=\"lazy\" decoding=\"async\" width=\"450\" height=\"134\" src=\"https:\/\/www.carrosseriecd.be\/wp\/wp-content\/uploads\/2020\/08\/object1179575484.png\" class=\"attachment-2048x2048 size-2048x2048 wp-image-82\" alt=\"\" srcset=\"https:\/\/www.carrosseriecd.be\/wp\/wp-content\/uploads\/2020\/08\/object1179575484.png 450w, https:\/\/www.carrosseriecd.be\/wp\/wp-content\/uploads\/2020\/08\/object1179575484-300x89.png 300w\" sizes=\"auto, (max-width: 34.9rem) calc(100vw - 2rem), (max-width: 53rem) calc(8 * (100vw \/ 12)), (min-width: 53rem) calc(6 * (100vw \/ 12)), 100vw\" \/>\t\t\t\t\t\t\t\t\t\t\t\t\t\t<\/div>\n\t\t\t\t\t\t<\/div>\n\t\t\t\t<\/div>\n\t\t\t\t\t\t<\/div>\n\t\t\t\t\t<\/div>\n\t\t<\/div>\n\t\t\t\t<div class=\"elementor-column elementor-col-33 elementor-top-column elementor-element elementor-element-a416572\" data-id=\"a416572\" data-element_type=\"column\" data-settings=\"{&quot;background_background&quot;:&quot;classic&quot;}\">\n\t\t\t<div class=\"elementor-column-wrap elementor-element-populated\">\n\t\t\t\t\t\t\t<div class=\"elementor-widget-wrap\">\n\t\t\t\t\t\t<div class=\"elementor-element elementor-element-40b0bd8 elementor-widget elementor-widget-text-editor\" data-id=\"40b0bd8\" data-element_type=\"widget\" data-widget_type=\"text-editor.default\">\n\t\t\t\t<div class=\"elementor-widget-container\">\n\t\t\t\t\t\t\t\t<div class=\"elementor-text-editor elementor-clearfix\">\n\t\t\t\t<p><span style=\"font-weight: bolder;\">Carrosserie CD<\/span><br \/>293, avenue Georges Henri<br \/>B-1200 Woluw\u00e9-Saint-Lambert<br \/>T\u00e9l.: 02 \/ 734 60 54<br \/>Fax : 02 \/ 733 70 45<br \/><a style=\"background-color: #f0f0f0;\" href=\"mailto:info@carrosseriecd.be\">info@carrosseriecd.be<\/a><br \/><span style=\"color: #7a7a7a;\">TVA : BE 0898.123.790<\/span><\/p>\t\t\t\t\t<\/div>\n\t\t\t\t\t\t<\/div>\n\t\t\t\t<\/div>\n\t\t\t\t\t\t<\/div>\n\t\t\t\t\t<\/div>\n\t\t<\/div>\n\t\t\t\t\t\t\t\t<\/div>\n\t\t\t\t\t<\/div>\n\t\t<\/section>\n\t\t\t\t<section class=\"elementor-section elementor-top-section elementor-element elementor-element-ff0d4bc elementor-section-boxed elementor-section-height-default elementor-section-height-default\" data-id=\"ff0d4bc\" data-element_type=\"section\">\n\t\t\t\t\t\t<div class=\"elementor-container elementor-column-gap-default\">\n\t\t\t\t\t\t\t<div class=\"elementor-row\">\n\t\t\t\t\t<div class=\"elementor-column elementor-col-66 elementor-top-column elementor-element elementor-element-6e28e10\" data-id=\"6e28e10\" data-element_type=\"column\">\n\t\t\t<div class=\"elementor-column-wrap elementor-element-populated\">\n\t\t\t\t\t\t\t<div class=\"elementor-widget-wrap\">\n\t\t\t\t\t\t<div class=\"elementor-element elementor-element-9b8bb81 elementor-widget elementor-widget-heading\" data-id=\"9b8bb81\" data-element_type=\"widget\" data-widget_type=\"heading.default\">\n\t\t\t\t<div class=\"elementor-widget-container\">\n\t\t\t<h3 class=\"elementor-heading-title elementor-size-default\">V\u00e9hicule de remplacement<\/h3>\t\t<\/div>\n\t\t\t\t<\/div>\n\t\t\t\t<section class=\"elementor-section elementor-inner-section elementor-element elementor-element-23b1982 elementor-section-boxed elementor-section-height-default elementor-section-height-default\" data-id=\"23b1982\" data-element_type=\"section\">\n\t\t\t\t\t\t<div class=\"elementor-container elementor-column-gap-default\">\n\t\t\t\t\t\t\t<div class=\"elementor-row\">\n\t\t\t\t\t<div class=\"elementor-column elementor-col-50 elementor-inner-column elementor-element elementor-element-f7e88f3\" data-id=\"f7e88f3\" data-element_type=\"column\">\n\t\t\t<div class=\"elementor-column-wrap elementor-element-populated\">\n\t\t\t\t\t\t\t<div class=\"elementor-widget-wrap\">\n\t\t\t\t\t\t<div class=\"elementor-element elementor-element-dceafe2 elementor-widget elementor-widget-image\" data-id=\"dceafe2\" data-element_type=\"widget\" data-widget_type=\"image.default\">\n\t\t\t\t<div class=\"elementor-widget-container\">\n\t\t\t\t\t\t\t\t<div class=\"elementor-image\">\n\t\t\t\t\t\t\t\t\t\t\t\t<img loading=\"lazy\" decoding=\"async\" width=\"640\" height=\"348\" src=\"https:\/\/www.carrosseriecd.be\/wp\/wp-content\/uploads\/2020\/08\/slidecd1151.jpg\" class=\"attachment-large size-large wp-image-110\" alt=\"\" srcset=\"https:\/\/www.carrosseriecd.be\/wp\/wp-content\/uploads\/2020\/08\/slidecd1151.jpg 660w, https:\/\/www.carrosseriecd.be\/wp\/wp-content\/uploads\/2020\/08\/slidecd1151-300x163.jpg 300w\" sizes=\"auto, (max-width: 34.9rem) calc(100vw - 2rem), (max-width: 53rem) calc(8 * (100vw \/ 12)), (min-width: 53rem) calc(6 * (100vw \/ 12)), 100vw\" \/>\t\t\t\t\t\t\t\t\t\t\t\t\t\t<\/div>\n\t\t\t\t\t\t<\/div>\n\t\t\t\t<\/div>\n\t\t\t\t\t\t<\/div>\n\t\t\t\t\t<\/div>\n\t\t<\/div>\n\t\t\t\t<div class=\"elementor-column elementor-col-50 elementor-inner-column elementor-element elementor-element-a9ade2f\" data-id=\"a9ade2f\" data-element_type=\"column\">\n\t\t\t<div class=\"elementor-column-wrap elementor-element-populated\">\n\t\t\t\t\t\t\t<div class=\"elementor-widget-wrap\">\n\t\t\t\t\t\t<div class=\"elementor-element elementor-element-0448d2b elementor-widget elementor-widget-text-editor\" data-id=\"0448d2b\" data-element_type=\"widget\" data-widget_type=\"text-editor.default\">\n\t\t\t\t<div class=\"elementor-widget-container\">\n\t\t\t\t\t\t\t\t<div class=\"elementor-text-editor elementor-clearfix\">\n\t\t\t\t<p>Nous faisons \u00e9videment les travaux le plus rapidement possible tout en ne n\u00e9gligeant \u00e0 aucun moment la qualit\u00e9.<\/p>\t\t\t\t\t<\/div>\n\t\t\t\t\t\t<\/div>\n\t\t\t\t<\/div>\n\t\t\t\t\t\t<\/div>\n\t\t\t\t\t<\/div>\n\t\t<\/div>\n\t\t\t\t\t\t\t\t<\/div>\n\t\t\t\t\t<\/div>\n\t\t<\/section>\n\t\t\t\t<section class=\"elementor-section elementor-inner-section elementor-element elementor-element-07a2a70 elementor-section-boxed elementor-section-height-default elementor-section-height-default\" data-id=\"07a2a70\" data-element_type=\"section\">\n\t\t\t\t\t\t<div class=\"elementor-container elementor-column-gap-default\">\n\t\t\t\t\t\t\t<div class=\"elementor-row\">\n\t\t\t\t\t<div class=\"elementor-column elementor-col-50 elementor-inner-column elementor-element elementor-element-819530c\" data-id=\"819530c\" data-element_type=\"column\">\n\t\t\t<div class=\"elementor-column-wrap elementor-element-populated\">\n\t\t\t\t\t\t\t<div class=\"elementor-widget-wrap\">\n\t\t\t\t\t\t<div class=\"elementor-element elementor-element-263bd70 elementor-widget elementor-widget-text-editor\" data-id=\"263bd70\" data-element_type=\"widget\" data-widget_type=\"text-editor.default\">\n\t\t\t\t<div class=\"elementor-widget-container\">\n\t\t\t\t\t\t\t\t<div class=\"elementor-text-editor elementor-clearfix\">\n\t\t\t\t<p>Mais il est \u00e9vident qu&#8217;un bon travail ne se fait pas en une heure.Le propri\u00e9taire du v\u00e9hicule endommag\u00e9 se retrouve donc, de fait, sans v\u00e9hicule.<\/p>\t\t\t\t\t<\/div>\n\t\t\t\t\t\t<\/div>\n\t\t\t\t<\/div>\n\t\t\t\t\t\t<\/div>\n\t\t\t\t\t<\/div>\n\t\t<\/div>\n\t\t\t\t<div class=\"elementor-column elementor-col-50 elementor-inner-column elementor-element elementor-element-6653f9c\" data-id=\"6653f9c\" data-element_type=\"column\">\n\t\t\t<div class=\"elementor-column-wrap elementor-element-populated\">\n\t\t\t\t\t\t\t<div class=\"elementor-widget-wrap\">\n\t\t\t\t\t\t<div class=\"elementor-element elementor-element-8328b66 elementor-widget elementor-widget-image\" data-id=\"8328b66\" data-element_type=\"widget\" data-widget_type=\"image.default\">\n\t\t\t\t<div class=\"elementor-widget-container\">\n\t\t\t\t\t\t\t\t<div class=\"elementor-image\">\n\t\t\t\t\t\t\t\t\t\t\t\t<img loading=\"lazy\" decoding=\"async\" width=\"640\" height=\"306\" src=\"https:\/\/www.carrosseriecd.be\/wp\/wp-content\/uploads\/2021\/08\/veh-rempl.jpg\" class=\"attachment-large size-large wp-image-574\" alt=\"\" srcset=\"https:\/\/www.carrosseriecd.be\/wp\/wp-content\/uploads\/2021\/08\/veh-rempl.jpg 867w, https:\/\/www.carrosseriecd.be\/wp\/wp-content\/uploads\/2021\/08\/veh-rempl-300x143.jpg 300w, https:\/\/www.carrosseriecd.be\/wp\/wp-content\/uploads\/2021\/08\/veh-rempl-768x367.jpg 768w\" sizes=\"auto, (max-width: 34.9rem) calc(100vw - 2rem), (max-width: 53rem) calc(8 * (100vw \/ 12)), (min-width: 53rem) calc(6 * (100vw \/ 12)), 100vw\" \/>\t\t\t\t\t\t\t\t\t\t\t\t\t\t<\/div>\n\t\t\t\t\t\t<\/div>\n\t\t\t\t<\/div>\n\t\t\t\t\t\t<\/div>\n\t\t\t\t\t<\/div>\n\t\t<\/div>\n\t\t\t\t\t\t\t\t<\/div>\n\t\t\t\t\t<\/div>\n\t\t<\/section>\n\t\t\t\t<section class=\"elementor-section elementor-inner-section elementor-element elementor-element-d6c0630 elementor-section-boxed elementor-section-height-default elementor-section-height-default\" data-id=\"d6c0630\" data-element_type=\"section\">\n\t\t\t\t\t\t<div class=\"elementor-container elementor-column-gap-default\">\n\t\t\t\t\t\t\t<div class=\"elementor-row\">\n\t\t\t\t\t<div class=\"elementor-column elementor-col-50 elementor-inner-column elementor-element elementor-element-9ea86cd\" data-id=\"9ea86cd\" data-element_type=\"column\">\n\t\t\t<div class=\"elementor-column-wrap elementor-element-populated\">\n\t\t\t\t\t\t\t<div class=\"elementor-widget-wrap\">\n\t\t\t\t\t\t<div class=\"elementor-element elementor-element-0c2b1d6 elementor-widget elementor-widget-image\" data-id=\"0c2b1d6\" data-element_type=\"widget\" data-widget_type=\"image.default\">\n\t\t\t\t<div class=\"elementor-widget-container\">\n\t\t\t\t\t\t\t\t<div class=\"elementor-image\">\n\t\t\t\t\t\t\t\t\t\t\t\t<img loading=\"lazy\" decoding=\"async\" width=\"640\" height=\"348\" src=\"https:\/\/www.carrosseriecd.be\/wp\/wp-content\/uploads\/2020\/08\/slidecd1101.jpg\" class=\"attachment-large size-large wp-image-106\" alt=\"\" srcset=\"https:\/\/www.carrosseriecd.be\/wp\/wp-content\/uploads\/2020\/08\/slidecd1101.jpg 660w, https:\/\/www.carrosseriecd.be\/wp\/wp-content\/uploads\/2020\/08\/slidecd1101-300x163.jpg 300w\" sizes=\"auto, (max-width: 34.9rem) calc(100vw - 2rem), (max-width: 53rem) calc(8 * (100vw \/ 12)), (min-width: 53rem) calc(6 * (100vw \/ 12)), 100vw\" \/>\t\t\t\t\t\t\t\t\t\t\t\t\t\t<\/div>\n\t\t\t\t\t\t<\/div>\n\t\t\t\t<\/div>\n\t\t\t\t\t\t<\/div>\n\t\t\t\t\t<\/div>\n\t\t<\/div>\n\t\t\t\t<div class=\"elementor-column elementor-col-50 elementor-inner-column elementor-element elementor-element-eaa5b34\" data-id=\"eaa5b34\" data-element_type=\"column\">\n\t\t\t<div class=\"elementor-column-wrap elementor-element-populated\">\n\t\t\t\t\t\t\t<div class=\"elementor-widget-wrap\">\n\t\t\t\t\t\t<div class=\"elementor-element elementor-element-6047762 elementor-widget elementor-widget-text-editor\" data-id=\"6047762\" data-element_type=\"widget\" data-widget_type=\"text-editor.default\">\n\t\t\t\t<div class=\"elementor-widget-container\">\n\t\t\t\t\t\t\t\t<div class=\"elementor-text-editor elementor-clearfix\">\n\t\t\t\t<p>Pour rem\u00e9dier \u00e0 ce probl\u00e8me important, nous avons une flotte de v\u00e9hicules de courtoisie que nous mettons \u00e0 disposition de nos clients, pendant la dur\u00e9e des travaux.<\/p>\t\t\t\t\t<\/div>\n\t\t\t\t\t\t<\/div>\n\t\t\t\t<\/div>\n\t\t\t\t\t\t<\/div>\n\t\t\t\t\t<\/div>\n\t\t<\/div>\n\t\t\t\t\t\t\t\t<\/div>\n\t\t\t\t\t<\/div>\n\t\t<\/section>\n\t\t\t\t<section class=\"elementor-section elementor-inner-section elementor-element elementor-element-6c797df elementor-section-boxed elementor-section-height-default elementor-section-height-default\" data-id=\"6c797df\" data-element_type=\"section\">\n\t\t\t\t\t\t<div class=\"elementor-container elementor-column-gap-default\">\n\t\t\t\t\t\t\t<div class=\"elementor-row\">\n\t\t\t\t\t<div class=\"elementor-column elementor-col-50 elementor-inner-column elementor-element elementor-element-6258e33\" data-id=\"6258e33\" data-element_type=\"column\">\n\t\t\t<div class=\"elementor-column-wrap elementor-element-populated\">\n\t\t\t\t\t\t\t<div class=\"elementor-widget-wrap\">\n\t\t\t\t\t\t<div class=\"elementor-element elementor-element-dabe13e elementor-widget elementor-widget-text-editor\" data-id=\"dabe13e\" data-element_type=\"widget\" data-widget_type=\"text-editor.default\">\n\t\t\t\t<div class=\"elementor-widget-container\">\n\t\t\t\t\t\t\t\t<div class=\"elementor-text-editor elementor-clearfix\">\n\t\t\t\t<p>Un contrat d\u00e9taille l&#8217;\u00e9tat du v\u00e9hicule de remplacement au d\u00e9part et au retour.<\/p>\t\t\t\t\t<\/div>\n\t\t\t\t\t\t<\/div>\n\t\t\t\t<\/div>\n\t\t\t\t\t\t<\/div>\n\t\t\t\t\t<\/div>\n\t\t<\/div>\n\t\t\t\t<div class=\"elementor-column elementor-col-50 elementor-inner-column elementor-element elementor-element-8499b11\" data-id=\"8499b11\" data-element_type=\"column\">\n\t\t\t<div class=\"elementor-column-wrap elementor-element-populated\">\n\t\t\t\t\t\t\t<div class=\"elementor-widget-wrap\">\n\t\t\t\t\t\t<div class=\"elementor-element elementor-element-71c3115 elementor-widget elementor-widget-image\" data-id=\"71c3115\" data-element_type=\"widget\" data-widget_type=\"image.default\">\n\t\t\t\t<div class=\"elementor-widget-container\">\n\t\t\t\t\t\t\t\t<div class=\"elementor-image\">\n\t\t\t\t\t\t\t\t\t\t\t\t\t<a href=\"http:\/\/www.carrosseriecd.be\/wp\/wp-content\/uploads\/2020\/08\/Vehicule-de-remplacement-1-scaled.jpg\" data-src=\"http:\/\/www.carrosseriecd.be\/wp\/wp-content\/uploads\/2020\/08\/Vehicule-de-remplacement-1-scaled.jpg\" data-thumb=\"https:\/\/www.carrosseriecd.be\/wp\/wp-content\/uploads\/2020\/08\/Vehicule-de-remplacement-1-724x1024.jpg\" class=\"ml-lightbox-enabled\">\n\t\t\t\t\t\t\t<img loading=\"lazy\" decoding=\"async\" width=\"640\" height=\"905\" src=\"https:\/\/www.carrosseriecd.be\/wp\/wp-content\/uploads\/2020\/08\/Vehicule-de-remplacement-1-724x1024.jpg\" class=\"attachment-large size-large wp-image-545\" alt=\"\" srcset=\"https:\/\/www.carrosseriecd.be\/wp\/wp-content\/uploads\/2020\/08\/Vehicule-de-remplacement-1-724x1024.jpg 724w, https:\/\/www.carrosseriecd.be\/wp\/wp-content\/uploads\/2020\/08\/Vehicule-de-remplacement-1-212x300.jpg 212w, https:\/\/www.carrosseriecd.be\/wp\/wp-content\/uploads\/2020\/08\/Vehicule-de-remplacement-1-768x1086.jpg 768w, https:\/\/www.carrosseriecd.be\/wp\/wp-content\/uploads\/2020\/08\/Vehicule-de-remplacement-1-1086x1536.jpg 1086w, https:\/\/www.carrosseriecd.be\/wp\/wp-content\/uploads\/2020\/08\/Vehicule-de-remplacement-1-1448x2048.jpg 1448w, https:\/\/www.carrosseriecd.be\/wp\/wp-content\/uploads\/2020\/08\/Vehicule-de-remplacement-1-1200x1697.jpg 1200w, https:\/\/www.carrosseriecd.be\/wp\/wp-content\/uploads\/2020\/08\/Vehicule-de-remplacement-1-1980x2800.jpg 1980w, https:\/\/www.carrosseriecd.be\/wp\/wp-content\/uploads\/2020\/08\/Vehicule-de-remplacement-1-scaled.jpg 1810w\" sizes=\"auto, (max-width: 34.9rem) calc(100vw - 2rem), (max-width: 53rem) calc(8 * (100vw \/ 12)), (min-width: 53rem) calc(6 * (100vw \/ 12)), 100vw\" \/>\t\t\t\t\t\t\t\t<\/a>\n\t\t\t\t\t\t\t\t\t\t\t\t\t\t<\/div>\n\t\t\t\t\t\t<\/div>\n\t\t\t\t<\/div>\n\t\t\t\t\t\t<\/div>\n\t\t\t\t\t<\/div>\n\t\t<\/div>\n\t\t\t\t\t\t\t\t<\/div>\n\t\t\t\t\t<\/div>\n\t\t<\/section>\n\t\t\t\t\t\t<\/div>\n\t\t\t\t\t<\/div>\n\t\t<\/div>\n\t\t\t\t<div class=\"elementor-column elementor-col-33 elementor-top-column elementor-element elementor-element-964c92c\" data-id=\"964c92c\" data-element_type=\"column\" data-settings=\"{&quot;background_background&quot;:&quot;classic&quot;}\">\n\t\t\t<div class=\"elementor-column-wrap elementor-element-populated\">\n\t\t\t\t\t\t\t<div class=\"elementor-widget-wrap\">\n\t\t\t\t\t\t<div class=\"elementor-element elementor-element-026b501 elementor-widget elementor-widget-wp-widget-nav_menu\" data-id=\"026b501\" data-element_type=\"widget\" data-widget_type=\"wp-widget-nav_menu.default\">\n\t\t\t\t<div class=\"elementor-widget-container\">\n\t\t\t<nav class=\"menu-droite-container\" aria-label=\"Menu\"><ul id=\"menu-droite\" class=\"menu\"><li id=\"menu-item-443\" class=\"menu-item menu-item-type-post_type menu-item-object-page menu-item-home menu-item-443\"><a href=\"https:\/\/www.carrosseriecd.be\/wp\/\">Accueil<\/a><\/li>\n<li id=\"menu-item-442\" class=\"menu-item menu-item-type-post_type menu-item-object-page menu-item-442\"><a href=\"https:\/\/www.carrosseriecd.be\/wp\/?page_id=57\">Contacts<\/a><\/li>\n<li id=\"menu-item-75\" class=\"menu-item menu-item-type-post_type menu-item-object-page menu-item-75\"><a href=\"https:\/\/www.carrosseriecd.be\/wp\/?page_id=63\">Agr\u00e9ations<\/a><\/li>\n<li id=\"menu-item-76\" class=\"menu-item menu-item-type-post_type menu-item-object-page menu-item-76\"><a href=\"https:\/\/www.carrosseriecd.be\/wp\/?page_id=30\">R\u00e9parations<\/a><\/li>\n<li id=\"menu-item-77\" class=\"menu-item menu-item-type-post_type menu-item-object-page menu-item-77\"><a href=\"https:\/\/www.carrosseriecd.be\/wp\/?page_id=67\">Devis d\u00e9taill\u00e9s<\/a><\/li>\n<li id=\"menu-item-78\" class=\"menu-item menu-item-type-post_type menu-item-object-page menu-item-78\"><a href=\"https:\/\/www.carrosseriecd.be\/wp\/?page_id=69\">Outillage adapt\u00e9<\/a><\/li>\n<li id=\"menu-item-79\" class=\"menu-item menu-item-type-post_type menu-item-object-page menu-item-79\"><a href=\"https:\/\/www.carrosseriecd.be\/wp\/?page_id=71\">Peintures \u00e9cologiques<\/a><\/li>\n<li id=\"menu-item-80\" class=\"menu-item menu-item-type-post_type menu-item-object-page menu-item-80\"><a href=\"https:\/\/www.carrosseriecd.be\/wp\/?page_id=73\">V\u00e9hicule de remplacement<\/a><\/li>\n<\/ul><\/nav>\t\t<\/div>\n\t\t\t\t<\/div>\n\t\t\t\t<div class=\"elementor-element elementor-element-1e88dd1 elementor-widget-divider--view-line elementor-widget elementor-widget-divider\" data-id=\"1e88dd1\" data-element_type=\"widget\" data-widget_type=\"divider.default\">\n\t\t\t\t<div class=\"elementor-widget-container\">\n\t\t\t\t\t<div class=\"elementor-divider\">\n\t\t\t<span class=\"elementor-divider-separator\">\n\t\t\t\t\t\t<\/span>\n\t\t<\/div>\n\t\t\t\t<\/div>\n\t\t\t\t<\/div>\n\t\t\t\t<div class=\"elementor-element elementor-element-15932e1 elementor-widget elementor-widget-text-editor\" data-id=\"15932e1\" data-element_type=\"widget\" data-widget_type=\"text-editor.default\">\n\t\t\t\t<div class=\"elementor-widget-container\">\n\t\t\t\t\t\t\t\t<div class=\"elementor-text-editor elementor-clearfix\">\n\t\t\t\t<p><span style=\"text-decoration: underline;\"><strong>Horaires d&#8217;ouverture<\/strong><\/span><\/p><p>Du lundi au jeudi : <strong>8h00 \u00e0 18h30<\/strong><\/p><p>Vendredi : <strong>8h00 \u00e0 17h30<\/strong><\/p>\t\t\t\t\t<\/div>\n\t\t\t\t\t\t<\/div>\n\t\t\t\t<\/div>\n\t\t\t\t<div class=\"elementor-element elementor-element-11abc83 elementor-widget-divider--view-line elementor-widget elementor-widget-divider\" data-id=\"11abc83\" data-element_type=\"widget\" data-widget_type=\"divider.default\">\n\t\t\t\t<div class=\"elementor-widget-container\">\n\t\t\t\t\t<div class=\"elementor-divider\">\n\t\t\t<span class=\"elementor-divider-separator\">\n\t\t\t\t\t\t<\/span>\n\t\t<\/div>\n\t\t\t\t<\/div>\n\t\t\t\t<\/div>\n\t\t\t\t<div class=\"elementor-element elementor-element-81f9010 elementor-widget elementor-widget-text-editor\" data-id=\"81f9010\" data-element_type=\"widget\" data-widget_type=\"text-editor.default\">\n\t\t\t\t<div class=\"elementor-widget-container\">\n\t\t\t\t\t\t\t\t<div class=\"elementor-text-editor elementor-clearfix\">\n\t\t\t\t<p><span style=\"text-decoration: underline;\"><strong>Suivez-nous sur&#8230;<\/strong><\/span><\/p>\t\t\t\t\t<\/div>\n\t\t\t\t\t\t<\/div>\n\t\t\t\t<\/div>\n\t\t\t\t<div class=\"elementor-element elementor-element-2784b76 e-grid-align-left elementor-shape-rounded elementor-grid-0 elementor-widget elementor-widget-social-icons\" data-id=\"2784b76\" data-element_type=\"widget\" data-widget_type=\"social-icons.default\">\n\t\t\t\t<div class=\"elementor-widget-container\">\n\t\t\t\t\t<div class=\"elementor-social-icons-wrapper elementor-grid\">\n\t\t\t\t\t\t\t<span class=\"elementor-grid-item\">\n\t\t\t\t\t<a class=\"elementor-icon elementor-social-icon elementor-social-icon-facebook elementor-repeater-item-ec898ea\" href=\"https:\/\/www.facebook.com\/carrosseriecd\" target=\"_blank\">\n\t\t\t\t\t\t<span class=\"elementor-screen-only\">Facebook<\/span>\n\t\t\t\t\t\t<i class=\"fab fa-facebook\"><\/i>\t\t\t\t\t<\/a>\n\t\t\t\t<\/span>\n\t\t\t\t\t<\/div>\n\t\t\t\t<\/div>\n\t\t\t\t<\/div>\n\t\t\t\t\t\t<\/div>\n\t\t\t\t\t<\/div>\n\t\t<\/div>\n\t\t\t\t\t\t\t\t<\/div>\n\t\t\t\t\t<\/div>\n\t\t<\/section>\n\t\t\t\t\t\t\t\t\t<\/div>\n\t\t\t<\/div>\n\t\t\t\t\t<\/div>\n\t\t","protected":false},"excerpt":{"rendered":"<p>Carrosserie CD293, avenue Georges HenriB-1200 Woluw\u00e9-Saint-LambertT\u00e9l.: 02 \/ 734 60 54Fax : 02 \/ 733 70 45info@carrosseriecd.beTVA : BE 0898.123.790 V\u00e9hicule de remplacement Nous faisons \u00e9videment les travaux le plus rapidement possible tout en ne n\u00e9gligeant \u00e0 aucun moment la qualit\u00e9. Mais il est \u00e9vident qu&#8217;un bon travail ne se fait pas en une heure.Le &hellip; <\/p>\n<p class=\"link-more\"><a href=\"https:\/\/www.carrosseriecd.be\/wp\/?page_id=73\" class=\"more-link\">Continue reading<span class=\"screen-reader-text\"> &#8220;V\u00e9hicule de remplacement&#8221;<\/span><\/a><\/p>\n","protected":false},"author":1,"featured_media":0,"parent":0,"menu_order":0,"comment_status":"closed","ping_status":"closed","template":"elementor_header_footer","meta":{"footnotes":""},"class_list":["post-73","page","type-page","status-publish","hentry","entry"],"_links":{"self":[{"href":"https:\/\/www.carrosseriecd.be\/wp\/index.php?rest_route=\/wp\/v2\/pages\/73","targetHints":{"allow":["GET"]}}],"collection":[{"href":"https:\/\/www.carrosseriecd.be\/wp\/index.php?rest_route=\/wp\/v2\/pages"}],"about":[{"href":"https:\/\/www.carrosseriecd.be\/wp\/index.php?rest_route=\/wp\/v2\/types\/page"}],"author":[{"embeddable":true,"href":"https:\/\/www.carrosseriecd.be\/wp\/index.php?rest_route=\/wp\/v2\/users\/1"}],"replies":[{"embeddable":true,"href":"https:\/\/www.carrosseriecd.be\/wp\/index.php?rest_route=%2Fwp%2Fv2%2Fcomments&post=73"}],"version-history":[{"count":33,"href":"https:\/\/www.carrosseriecd.be\/wp\/index.php?rest_route=\/wp\/v2\/pages\/73\/revisions"}],"predecessor-version":[{"id":721,"href":"https:\/\/www.carrosseriecd.be\/wp\/index.php?rest_route=\/wp\/v2\/pages\/73\/revisions\/721"}],"wp:attachment":[{"href":"https:\/\/www.carrosseriecd.be\/wp\/index.php?rest_route=%2Fwp%2Fv2%2Fmedia&parent=73"}],"curies":[{"name":"wp","href":"https:\/\/api.w.org\/{rel}","templated":true}]}}